{"id":625,"date":"2022-07-08T13:46:41","date_gmt":"2022-07-08T13:46:41","guid":{"rendered":"https:\/\/startersites.io\/elementor\/cleaning-service\/?page_id=625"},"modified":"2025-11-27T15:27:31","modified_gmt":"2025-11-27T15:27:31","slug":"services","status":"publish","type":"page","link":"https:\/\/multibroyagessolutions.fr\/?page_id=625","title":{"rendered":"Nos services"},"content":{"rendered":"\t\t<div data-elementor-type=\"wp-page\" data-elementor-id=\"625\" class=\"elementor elementor-625\" data-elementor-post-type=\"page\">\n\t\t\t\t<div class=\"elementor-element elementor-element-5f485f3 e-flex e-con-boxed e-con e-parent\" data-id=\"5f485f3\" data-element_type=\"container\" data-settings=\"{&quot;background_background&quot;:&quot;classic&quot;}\">\n\t\t\t\t\t<div class=\"e-con-inner\">\n\t\t\t\t<div class=\"elementor-element elementor-element-11788bf elementor-widget elementor-widget-heading\" data-id=\"11788bf\" data-element_type=\"widget\" data-widget_type=\"heading.default\">\n\t\t\t\t\t<h2 class=\"elementor-heading-title elementor-size-default\">Services<\/h2>\t\t\t\t<\/div>\n\t\t\t\t\t<\/div>\n\t\t\t\t<\/div>\n\t\t<div class=\"elementor-element elementor-element-5f56ff0 e-flex e-con-boxed e-con e-parent\" data-id=\"5f56ff0\" data-element_type=\"container\" data-settings=\"{&quot;background_background&quot;:&quot;classic&quot;}\">\n\t\t\t\t\t<div class=\"e-con-inner\">\n\t\t<div class=\"elementor-element elementor-element-07671f3 e-con-full e-flex e-con e-child\" data-id=\"07671f3\" data-element_type=\"container\">\n\t\t\t\t<div class=\"elementor-element elementor-element-aa0678e elementor-widget elementor-widget-heading\" data-id=\"aa0678e\" data-element_type=\"widget\" data-widget_type=\"heading.default\">\n\t\t\t\t\t<h2 class=\"elementor-heading-title elementor-size-default\">Nos services de d\u00e9broussaillage\u200b<\/h2>\t\t\t\t<\/div>\n\t\t\t\t<div class=\"elementor-element elementor-element-5fdb0c9 elementor-widget elementor-widget-spacer\" data-id=\"5fdb0c9\" data-element_type=\"widget\" data-widget_type=\"spacer.default\">\n\t\t\t\t\t\t\t<div class=\"elementor-spacer\">\n\t\t\t<div class=\"elementor-spacer-inner\"><\/div>\n\t\t<\/div>\n\t\t\t\t\t\t<\/div>\n\t\t\t\t<div class=\"elementor-element elementor-element-153c0a3 elementor-align-center elementor-widget elementor-widget-button\" data-id=\"153c0a3\" data-element_type=\"widget\" data-widget_type=\"button.default\">\n\t\t\t\t\t\t\t\t\t\t<a class=\"elementor-button elementor-button-link elementor-size-sm\" href=\"#\">\n\t\t\t\t\t\t<span class=\"elementor-button-content-wrapper\">\n\t\t\t\t\t\t\t\t\t<span class=\"elementor-button-text\">Demander un devis<\/span>\n\t\t\t\t\t<\/span>\n\t\t\t\t\t<\/a>\n\t\t\t\t\t\t\t\t<\/div>\n\t\t\t\t<\/div>\n\t\t<div class=\"elementor-element elementor-element-a13571f e-con-full e-flex e-con e-child\" data-id=\"a13571f\" data-element_type=\"container\">\n\t\t\t\t<div class=\"elementor-element elementor-element-3e353f4 elementor-widget elementor-widget-text-editor\" data-id=\"3e353f4\" data-element_type=\"widget\" data-widget_type=\"text-editor.default\">\n\t\t\t\t\t\t\t\t\t<p>Nous proposons une large gamme de prestations adapt\u00e9es \u00e0 tous types de configurations : \u00a0<\/p><p>\u2705\u00a0D\u00e9broussaillage de terrains priv\u00e9s ou publics \u00a0<\/p><p>\u2705\u00a0Entretien de bordures de champs, sous-bois, talus, bassins d\u2019irrigation, bassins \u00e9cr\u00eateurs, vignobles<\/p><p>\u2705\u00a0R\u00e9ouverture de chemins, sentiers, zones inaccessibles \u00a0<\/p><p>\u2705\u00a0Entretien champs de photovolta\u00efque<\/p><p>\u2705\u00a0D\u00e9broussaillage pr\u00e9ventif dans le cadre des Obligations L\u00e9gales de D\u00e9broussaillement (OLD) \u00a0<\/p><p>\u2705 Intervention sur terrains agricoles, forestiers, viticoles ou en friche<\/p>\t\t\t\t\t\t\t\t<\/div>\n\t\t\t\t<\/div>\n\t\t\t\t\t<\/div>\n\t\t\t\t<\/div>\n\t\t<div class=\"elementor-element elementor-element-8b123f8 e-flex e-con-boxed e-con e-parent\" data-id=\"8b123f8\" data-element_type=\"container\">\n\t\t\t\t\t<div class=\"e-con-inner\">\n\t\t\t\t<div class=\"elementor-element elementor-element-6109e55 elementor-widget elementor-widget-spacer\" data-id=\"6109e55\" data-element_type=\"widget\" data-widget_type=\"spacer.default\">\n\t\t\t\t\t\t\t<div class=\"elementor-spacer\">\n\t\t\t<div class=\"elementor-spacer-inner\"><\/div>\n\t\t<\/div>\n\t\t\t\t\t\t<\/div>\n\t\t\t\t\t<\/div>\n\t\t\t\t<\/div>\n\t\t<div class=\"elementor-element elementor-element-c187e64 e-flex e-con-boxed e-con e-parent\" data-id=\"c187e64\" data-element_type=\"container\">\n\t\t\t\t\t<div class=\"e-con-inner\">\n\t\t<div class=\"elementor-element elementor-element-ac81868 e-con-full e-flex e-con e-child\" data-id=\"ac81868\" data-element_type=\"container\">\n\t\t\t\t<div class=\"elementor-element elementor-element-3e6fc98 elementor-widget elementor-widget-text-editor\" data-id=\"3e6fc98\" data-element_type=\"widget\" data-widget_type=\"text-editor.default\">\n\t\t\t\t\t\t\t\t\t<p>\u2705 Suppression compl\u00e8te et pr\u00e9cise<\/p><p>\u2705 Aucune d\u00e9gradation du terrain<\/p><p>\u2705 Gain de temps et d\u2019espace<\/p><p>\u2705 Adapt\u00e9 aux acc\u00e8s difficiles<\/p><p>\u2705 Solution \u00e9conomique et \u00e9cologique<\/p><p>\u2705 Pr\u00e9vention des risques<\/p>\t\t\t\t\t\t\t\t<\/div>\n\t\t\t\t<\/div>\n\t\t<div class=\"elementor-element elementor-element-ff44592 e-con-full e-flex e-con e-child\" data-id=\"ff44592\" data-element_type=\"container\">\n\t\t\t\t<div class=\"elementor-element elementor-element-1644bdf elementor-widget-tablet__width-inherit elementor-widget elementor-widget-heading\" data-id=\"1644bdf\" data-element_type=\"widget\" data-widget_type=\"heading.default\">\n\t\t\t\t\t<h2 class=\"elementor-heading-title elementor-size-default\">Nos services de rognage<\/h2>\t\t\t\t<\/div>\n\t\t\t\t<div class=\"elementor-element elementor-element-6e38517 elementor-align-center elementor-widget elementor-widget-button\" data-id=\"6e38517\" data-element_type=\"widget\" data-widget_type=\"button.default\">\n\t\t\t\t\t\t\t\t\t\t<a class=\"elementor-button elementor-button-link elementor-size-sm\" href=\"#\">\n\t\t\t\t\t\t<span class=\"elementor-button-content-wrapper\">\n\t\t\t\t\t\t\t\t\t<span class=\"elementor-button-text\">Demander un devis<\/span>\n\t\t\t\t\t<\/span>\n\t\t\t\t\t<\/a>\n\t\t\t\t\t\t\t\t<\/div>\n\t\t\t\t<\/div>\n\t\t\t\t\t<\/div>\n\t\t\t\t<\/div>\n\t\t<div class=\"elementor-element elementor-element-9dcdd35 e-flex e-con-boxed e-con e-parent\" data-id=\"9dcdd35\" data-element_type=\"container\">\n\t\t\t\t\t<div class=\"e-con-inner\">\n\t\t\t\t<div class=\"elementor-element elementor-element-d5daca5 elementor-widget elementor-widget-spacer\" data-id=\"d5daca5\" data-element_type=\"widget\" data-widget_type=\"spacer.default\">\n\t\t\t\t\t\t\t<div class=\"elementor-spacer\">\n\t\t\t<div class=\"elementor-spacer-inner\"><\/div>\n\t\t<\/div>\n\t\t\t\t\t\t<\/div>\n\t\t\t\t<div class=\"elementor-element elementor-element-55058b7 elementor-widget elementor-widget-heading\" data-id=\"55058b7\" data-element_type=\"widget\" data-widget_type=\"heading.default\">\n\t\t\t\t\t<h2 class=\"elementor-heading-title elementor-size-default\">Nos r\u00e9alisations<\/h2>\t\t\t\t<\/div>\n\t\t\t\t<div class=\"elementor-element elementor-element-55d3a38 elementor-skin-carousel elementor-arrows-yes elementor-pagination-type-bullets elementor-pagination-position-outside elementor-widget elementor-widget-media-carousel\" data-id=\"55d3a38\" data-element_type=\"widget\" data-settings=\"{&quot;skin&quot;:&quot;carousel&quot;,&quot;effect&quot;:&quot;slide&quot;,&quot;show_arrows&quot;:&quot;yes&quot;,&quot;pagination&quot;:&quot;bullets&quot;,&quot;speed&quot;:500,&quot;autoplay&quot;:&quot;yes&quot;,&quot;autoplay_speed&quot;:5000,&quot;loop&quot;:&quot;yes&quot;,&quot;pause_on_hover&quot;:&quot;yes&quot;,&quot;pause_on_interaction&quot;:&quot;yes&quot;,&quot;space_between&quot;:{&quot;unit&quot;:&quot;px&quot;,&quot;size&quot;:10,&quot;sizes&quot;:[]},&quot;space_between_tablet&quot;:{&quot;unit&quot;:&quot;px&quot;,&quot;size&quot;:10,&quot;sizes&quot;:[]},&quot;space_between_mobile&quot;:{&quot;unit&quot;:&quot;px&quot;,&quot;size&quot;:10,&quot;sizes&quot;:[]}}\" data-widget_type=\"media-carousel.default\">\n\t\t\t\t\t\t\t\t\t\t<div class=\"elementor-main-swiper swiper\" role=\"region\" aria-roledescription=\"carousel\" aria-label=\"Diapositives\">\n\t\t\t\t<div class=\"swiper-wrapper\">\n\t\t\t\t\t\t\t\t\t\t\t<div class=\"swiper-slide\" role=\"group\" aria-roledescription=\"slide\">\n\t\t\t\t\t\t\t\t\t<div class=\"elementor-carousel-image\" role=\"img\" aria-label=\"586589931_122111894043051239_379008648513250623_n\" style=\"background-image: url(&#039;https:\/\/multibroyagessolutions.fr\/wp-content\/uploads\/2025\/11\/586589931_122111894043051239_379008648513250623_n.jpg&#039;)\">\n\n\t\t\t\n\t\t\t\t\t<\/div>\n\t\t\t\t\t\t\t\t<\/div>\n\t\t\t\t\t\t\t\t\t\t\t<div class=\"swiper-slide\" role=\"group\" aria-roledescription=\"slide\">\n\t\t\t\t\t\t\t\t\t<div class=\"elementor-carousel-image\" role=\"img\" aria-label=\"586886093_122111894061051239_634358182756051902_n\" style=\"background-image: url(&#039;https:\/\/multibroyagessolutions.fr\/wp-content\/uploads\/2025\/11\/586886093_122111894061051239_634358182756051902_n.jpg&#039;)\">\n\n\t\t\t\n\t\t\t\t\t<\/div>\n\t\t\t\t\t\t\t\t<\/div>\n\t\t\t\t\t\t\t\t\t\t\t<div class=\"swiper-slide\" role=\"group\" aria-roledescription=\"slide\">\n\t\t\t\t\t\t\t\t\t<div class=\"elementor-carousel-image\" role=\"img\" aria-label=\"586917662_122111894025051239_9078808752978526979_n\" style=\"background-image: url(&#039;https:\/\/multibroyagessolutions.fr\/wp-content\/uploads\/2025\/11\/586917662_122111894025051239_9078808752978526979_n.jpg&#039;)\">\n\n\t\t\t\n\t\t\t\t\t<\/div>\n\t\t\t\t\t\t\t\t<\/div>\n\t\t\t\t\t\t\t\t\t\t\t<div class=\"swiper-slide\" role=\"group\" aria-roledescription=\"slide\">\n\t\t\t\t\t\t\t\t\t<div class=\"elementor-carousel-image\" role=\"img\" aria-label=\"589805014_122111894049051239_7324218479838034523_n\" style=\"background-image: url(&#039;https:\/\/multibroyagessolutions.fr\/wp-content\/uploads\/2025\/11\/589805014_122111894049051239_7324218479838034523_n.jpg&#039;)\">\n\n\t\t\t\n\t\t\t\t\t<\/div>\n\t\t\t\t\t\t\t\t<\/div>\n\t\t\t\t\t\t\t\t\t\t\t<div class=\"swiper-slide\" role=\"group\" aria-roledescription=\"slide\">\n\t\t\t\t\t\t\t\t\t<div class=\"elementor-carousel-image\" role=\"img\" aria-label=\"586807671_122111894031051239_8103756062098122283_n\" style=\"background-image: url(&#039;https:\/\/multibroyagessolutions.fr\/wp-content\/uploads\/2025\/11\/586807671_122111894031051239_8103756062098122283_n.jpg&#039;)\">\n\n\t\t\t\n\t\t\t\t\t<\/div>\n\t\t\t\t\t\t\t\t<\/div>\n\t\t\t\t\t\t\t\t\t<\/div>\n\t\t\t\t\t\t\t\t\t\t\t\t\t\t\t<div class=\"elementor-swiper-button elementor-swiper-button-prev\" role=\"button\" tabindex=\"0\" aria-label=\"Pr\u00e9c\u00e9dent\">\n\t\t\t\t\t\t\t<svg aria-hidden=\"true\" class=\"e-font-icon-svg e-eicon-chevron-left\" viewBox=\"0 0 1000 1000\" xmlns=\"http:\/\/www.w3.org\/2000\/svg\"><path d=\"M646 125C629 125 613 133 604 142L308 442C296 454 292 471 292 487 292 504 296 521 308 533L604 854C617 867 629 875 646 875 663 875 679 871 692 858 704 846 713 829 713 812 713 796 708 779 692 767L438 487 692 225C700 217 708 204 708 187 708 171 704 154 692 142 675 129 663 125 646 125Z\"><\/path><\/svg>\t\t\t\t\t\t<\/div>\n\t\t\t\t\t\t<div class=\"elementor-swiper-button elementor-swiper-button-next\" role=\"button\" tabindex=\"0\" aria-label=\"Suivant\">\n\t\t\t\t\t\t\t<svg aria-hidden=\"true\" class=\"e-font-icon-svg e-eicon-chevron-right\" viewBox=\"0 0 1000 1000\" xmlns=\"http:\/\/www.w3.org\/2000\/svg\"><path d=\"M696 533C708 521 713 504 713 487 713 471 708 454 696 446L400 146C388 133 375 125 354 125 338 125 325 129 313 142 300 154 292 171 292 187 292 204 296 221 308 233L563 492 304 771C292 783 288 800 288 817 288 833 296 850 308 863 321 871 338 875 354 875 371 875 388 867 400 854L696 533Z\"><\/path><\/svg>\t\t\t\t\t\t<\/div>\n\t\t\t\t\t\t\t\t\t\t\t\t\t\t\t\t<div class=\"swiper-pagination\"><\/div>\n\t\t\t\t\t\t\t\t\t\t\t\t<\/div>\n\t\t\t\t\t\t\t\t<\/div>\n\t\t\t\t\t<\/div>\n\t\t\t\t<\/div>\n\t\t\t\t<\/div>\n\t\t","protected":false},"excerpt":{"rendered":"<p>Services Nos services de d\u00e9broussaillage\u200b Demander un devis Nous proposons une large gamme de prestations adapt\u00e9es \u00e0 tous types de configurations : \u00a0 \u2705\u00a0D\u00e9broussaillage de terrains priv\u00e9s ou publics \u00a0 \u2705\u00a0Entretien de bordures de champs, sous-bois, talus, bassins d\u2019irrigation, bassins \u00e9cr\u00eateurs, vignobles \u2705\u00a0R\u00e9ouverture de chemins, sentiers, zones inaccessibles \u00a0 \u2705\u00a0Entretien champs de photovolta\u00efque \u2705\u00a0D\u00e9broussaillage pr\u00e9ventif [&hellip;]<\/p>\n","protected":false},"author":1,"featured_media":0,"parent":0,"menu_order":0,"comment_status":"closed","ping_status":"closed","template":"","meta":{"footnotes":""},"class_list":["post-625","page","type-page","status-publish","hentry"],"blocksy_meta":{"page_title_panel":"","has_hero_section":"disabled","94bf7447c21338bea81b7e727e0ce17f":"","hero_section":"type-1","hero_elements":[{"id":"custom_title","enabled":true,"heading_tag":"h1","title":"Home"},{"id":"custom_description","enabled":true,"description_visibility":{"desktop":true,"tablet":true,"mobile":false}},{"id":"custom_meta","enabled":false,"meta_elements":[{"id":"author","enabled":true,"label":"By","has_author_avatar":"yes","avatar_size":25},{"id":"post_date","enabled":true,"label":"On","date_format_source":"default","date_format":"M j, Y"},{"id":"updated_date","enabled":false,"label":"On","date_format_source":"default","date_format":"M j, Y"},{"id":"categories","enabled":false,"label":"In","style":"simple"},{"id":"comments","enabled":true}],"page_meta_elements":{"joined":true,"articles_count":true,"comments":true}},{"id":"breadcrumbs","enabled":false}],"b4285b90d870d9a192f00d645c5210e0":"","hero_alignment1":"CT_CSS_SKIP_RULE","hero_margin":40,"hero_alignment2":"center","hero_vertical_alignment":"center","75c30a6231ce5f412800f395afaa8657":"","hero_structure":"narrow","3514c4b2932913f6a25fa00e69d2b921":"","page_title_bg_type":"featured_image","custom_hero_background":{"attachment_id":null},"page_title_image_size":"full","parallax":{"desktop":false,"tablet":false,"mobile":false},"6c1bdf7a8199fa63fe5b0a76016a1945":"","hero_height":"250px","pageTitleFont":{"family":"Default","variation":"Default","size":"30px","line-height":"CT_CSS_SKIP_RULE","letter-spacing":"CT_CSS_SKIP_RULE","text-transform":"CT_CSS_SKIP_RULE","text-decoration":"CT_CSS_SKIP_RULE"},"pageTitleFontColor":{"default":{"color":"CT_CSS_SKIP_RULEDEFAULT"}},"pageMetaFont":{"family":"Default","variation":"n6","size":"12px","line-height":"1.3","letter-spacing":"CT_CSS_SKIP_RULE","text-transform":"uppercase","text-decoration":"CT_CSS_SKIP_RULE"},"pageMetaFontColor":{"default":{"color":"CT_CSS_SKIP_RULEDEFAULT"},"hover":{"color":"CT_CSS_SKIP_RULEDEFAULT"}},"page_meta_button_type_font_colors":{"default":{"color":"CT_CSS_SKIP_RULEDEFAULT"},"hover":{"color":"CT_CSS_SKIP_RULEDEFAULT"}},"page_meta_button_type_background_colors":{"default":{"color":"CT_CSS_SKIP_RULEDEFAULT"},"hover":{"color":"CT_CSS_SKIP_RULEDEFAULT"}},"pageExcerptFont":{"family":"Default","variation":"Default","size":"CT_CSS_SKIP_RULE","line-height":"CT_CSS_SKIP_RULE","letter-spacing":"CT_CSS_SKIP_RULE","text-transform":"CT_CSS_SKIP_RULE","text-decoration":"CT_CSS_SKIP_RULE"},"pageExcerptColor":{"default":{"color":"CT_CSS_SKIP_RULEDEFAULT"}},"breadcrumbsFont":{"family":"Default","variation":"Default","size":"CT_CSS_SKIP_RULE","line-height":"CT_CSS_SKIP_RULE","letter-spacing":"CT_CSS_SKIP_RULE","text-transform":"CT_CSS_SKIP_RULE","text-decoration":"CT_CSS_SKIP_RULE"},"breadcrumbsFontColor":{"default":{"color":"CT_CSS_SKIP_RULEDEFAULT"},"initial":{"color":"CT_CSS_SKIP_RULEDEFAULT"},"hover":{"color":"CT_CSS_SKIP_RULEDEFAULT"}},"pageTitleOverlay":{"background_type":"color","background_pattern":"type-1","background_image":{"attachment_id":null,"x":0,"y":0},"gradient":"linear-gradient(135deg,rgba(6,147,227,1) 0%,rgb(155,81,224) 100%)","background_repeat":"repeat","background_size":"auto","background_attachment":"scroll","patternColor":{"default":{"color":"#e5e7ea"}},"overlayColor":{"default":{"color":"CT_CSS_SKIP_RULE"}},"backgroundColor":{"default":{"color":"CT_CSS_SKIP_RULE"}}},"pageTitleBackground":{"background_type":"color","background_pattern":"type-1","background_image":{"attachment_id":null,"x":0,"y":0},"gradient":"linear-gradient(135deg,rgba(6,147,227,1) 0%,rgb(155,81,224) 100%)","background_repeat":"repeat","background_size":"auto","background_attachment":"scroll","patternColor":{"default":{"color":"#e5e7ea"}},"overlayColor":{"default":{"color":"CT_CSS_SKIP_RULE"}},"backgroundColor":{"default":{"color":"var(--theme-palette-color-6)"}}},"pageTitlePadding":{"top":"50px","bottom":"50px","left":"auto","right":"auto","linked":true},"bbe1121ac266b9b3ee55110fd23e9fb6":"","page_structure_type":"default","283a67cc9c60f97803816ffa1124a50a":"","content_style_source":"inherit","content_style":"wide","vertical_spacing_source":"custom","content_area_spacing":"none","background":{"background_type":"color","background_pattern":"type-1","background_image":{"attachment_id":null,"x":0,"y":0},"gradient":"linear-gradient(135deg,rgba(6,147,227,1) 0%,rgb(155,81,224) 100%)","background_repeat":"repeat","background_size":"auto","background_attachment":"scroll","patternColor":{"default":{"color":"#e5e7ea"}},"overlayColor":{"default":{"color":"CT_CSS_SKIP_RULE"}},"backgroundColor":{"default":{"color":"CT_CSS_SKIP_RULE"}}},"content_background":{"background_type":"color","background_pattern":"type-1","background_image":{"attachment_id":null,"x":0,"y":0},"gradient":"linear-gradient(135deg,rgba(6,147,227,1) 0%,rgb(155,81,224) 100%)","background_repeat":"repeat","background_size":"auto","background_attachment":"scroll","patternColor":{"default":{"color":"#e5e7ea"}},"overlayColor":{"default":{"color":"CT_CSS_SKIP_RULE"}},"backgroundColor":{"default":{"color":"var(--theme-palette-color-8)"}}},"content_boxed_shadow":{"inherit":false,"blur":18,"spread":-6,"v_offset":12,"h_offset":0,"inset":false,"enable":true,"color":{"color":"rgba(34, 56, 101, 0.04)"}},"content_boxed_border":{"width":1,"style":"none","color":{"color":"rgba(44,62,80,0.2)"}},"content_boxed_radius":{"top":"3px","bottom":"3px","left":"3px","right":"3px","linked":true},"boxed_content_spacing":{"desktop":{"top":"40px","bottom":"40px","left":"40px","right":"40px","linked":true},"tablet":{"top":"35px","bottom":"35px","left":"35px","right":"35px","linked":true},"mobile":{"top":"20px","bottom":"20px","left":"20px","right":"20px","linked":true}},"35e8223615ca37b0ce83bd91e4771bdb":"","disable_featured_image":"no","disable_share_box":"no","disable_header":"no","disable_footer":"no","styles_descriptor":{"styles":{"desktop":"","tablet":"","mobile":""},"google_fonts":[],"version":6}},"yoast_head":"<!-- This site is optimized with the Yoast SEO plugin v26.8 - https:\/\/yoast.com\/product\/yoast-seo-wordpress\/ -->\n<title>Nos services - multi broyages solutions<\/title>\n<meta name=\"robots\" content=\"index, follow, max-snippet:-1, max-image-preview:large, max-video-preview:-1\" \/>\n<link rel=\"canonical\" href=\"https:\/\/multibroyagessolutions.fr\/?page_id=625\" \/>\n<meta property=\"og:locale\" content=\"fr_FR\" \/>\n<meta property=\"og:type\" content=\"article\" \/>\n<meta property=\"og:title\" content=\"Nos services - multi broyages solutions\" \/>\n<meta property=\"og:description\" content=\"Services Nos services de d\u00e9broussaillage\u200b Demander un devis Nous proposons une large gamme de prestations adapt\u00e9es \u00e0 tous types de configurations : \u00a0 \u2705\u00a0D\u00e9broussaillage de terrains priv\u00e9s ou publics \u00a0 \u2705\u00a0Entretien de bordures de champs, sous-bois, talus, bassins d\u2019irrigation, bassins \u00e9cr\u00eateurs, vignobles \u2705\u00a0R\u00e9ouverture de chemins, sentiers, zones inaccessibles \u00a0 \u2705\u00a0Entretien champs de photovolta\u00efque \u2705\u00a0D\u00e9broussaillage pr\u00e9ventif [&hellip;]\" \/>\n<meta property=\"og:url\" content=\"https:\/\/multibroyagessolutions.fr\/?page_id=625\" \/>\n<meta property=\"og:site_name\" content=\"multi broyages solutions\" \/>\n<meta property=\"article:modified_time\" content=\"2025-11-27T15:27:31+00:00\" \/>\n<meta name=\"twitter:card\" content=\"summary_large_image\" \/>\n<script type=\"application\/ld+json\" class=\"yoast-schema-graph\">{\"@context\":\"https:\/\/schema.org\",\"@graph\":[{\"@type\":\"WebPage\",\"@id\":\"https:\/\/multibroyagessolutions.fr\/?page_id=625\",\"url\":\"https:\/\/multibroyagessolutions.fr\/?page_id=625\",\"name\":\"Nos services - multi broyages solutions\",\"isPartOf\":{\"@id\":\"https:\/\/multibroyagessolutions.fr\/#website\"},\"datePublished\":\"2022-07-08T13:46:41+00:00\",\"dateModified\":\"2025-11-27T15:27:31+00:00\",\"breadcrumb\":{\"@id\":\"https:\/\/multibroyagessolutions.fr\/?page_id=625#breadcrumb\"},\"inLanguage\":\"fr-FR\",\"potentialAction\":[{\"@type\":\"ReadAction\",\"target\":[\"https:\/\/multibroyagessolutions.fr\/?page_id=625\"]}]},{\"@type\":\"BreadcrumbList\",\"@id\":\"https:\/\/multibroyagessolutions.fr\/?page_id=625#breadcrumb\",\"itemListElement\":[{\"@type\":\"ListItem\",\"position\":1,\"name\":\"Accueil\",\"item\":\"https:\/\/multibroyagessolutions.fr\/\"},{\"@type\":\"ListItem\",\"position\":2,\"name\":\"Nos services\"}]},{\"@type\":\"WebSite\",\"@id\":\"https:\/\/multibroyagessolutions.fr\/#website\",\"url\":\"https:\/\/multibroyagessolutions.fr\/\",\"name\":\"multi broyages solutions\",\"description\":\"\",\"publisher\":{\"@id\":\"https:\/\/multibroyagessolutions.fr\/#organization\"},\"potentialAction\":[{\"@type\":\"SearchAction\",\"target\":{\"@type\":\"EntryPoint\",\"urlTemplate\":\"https:\/\/multibroyagessolutions.fr\/?s={search_term_string}\"},\"query-input\":{\"@type\":\"PropertyValueSpecification\",\"valueRequired\":true,\"valueName\":\"search_term_string\"}}],\"inLanguage\":\"fr-FR\"},{\"@type\":\"Organization\",\"@id\":\"https:\/\/multibroyagessolutions.fr\/#organization\",\"name\":\"multi broyages solutions\",\"url\":\"https:\/\/multibroyagessolutions.fr\/\",\"logo\":{\"@type\":\"ImageObject\",\"inLanguage\":\"fr-FR\",\"@id\":\"https:\/\/multibroyagessolutions.fr\/#\/schema\/logo\/image\/\",\"url\":\"https:\/\/multibroyagessolutions.fr\/wp-content\/uploads\/2025\/10\/WhatsApp-Image-2025-10-23-at-13.04.53.jpeg\",\"contentUrl\":\"https:\/\/multibroyagessolutions.fr\/wp-content\/uploads\/2025\/10\/WhatsApp-Image-2025-10-23-at-13.04.53.jpeg\",\"width\":1000,\"height\":1000,\"caption\":\"multi broyages solutions\"},\"image\":{\"@id\":\"https:\/\/multibroyagessolutions.fr\/#\/schema\/logo\/image\/\"}}]}<\/script>\n<!-- \/ Yoast SEO plugin. -->","yoast_head_json":{"title":"Nos services - multi broyages solutions","robots":{"index":"index","follow":"follow","max-snippet":"max-snippet:-1","max-image-preview":"max-image-preview:large","max-video-preview":"max-video-preview:-1"},"canonical":"https:\/\/multibroyagessolutions.fr\/?page_id=625","og_locale":"fr_FR","og_type":"article","og_title":"Nos services - multi broyages solutions","og_description":"Services Nos services de d\u00e9broussaillage\u200b Demander un devis Nous proposons une large gamme de prestations adapt\u00e9es \u00e0 tous types de configurations : \u00a0 \u2705\u00a0D\u00e9broussaillage de terrains priv\u00e9s ou publics \u00a0 \u2705\u00a0Entretien de bordures de champs, sous-bois, talus, bassins d\u2019irrigation, bassins \u00e9cr\u00eateurs, vignobles \u2705\u00a0R\u00e9ouverture de chemins, sentiers, zones inaccessibles \u00a0 \u2705\u00a0Entretien champs de photovolta\u00efque \u2705\u00a0D\u00e9broussaillage pr\u00e9ventif [&hellip;]","og_url":"https:\/\/multibroyagessolutions.fr\/?page_id=625","og_site_name":"multi broyages solutions","article_modified_time":"2025-11-27T15:27:31+00:00","twitter_card":"summary_large_image","schema":{"@context":"https:\/\/schema.org","@graph":[{"@type":"WebPage","@id":"https:\/\/multibroyagessolutions.fr\/?page_id=625","url":"https:\/\/multibroyagessolutions.fr\/?page_id=625","name":"Nos services - multi broyages solutions","isPartOf":{"@id":"https:\/\/multibroyagessolutions.fr\/#website"},"datePublished":"2022-07-08T13:46:41+00:00","dateModified":"2025-11-27T15:27:31+00:00","breadcrumb":{"@id":"https:\/\/multibroyagessolutions.fr\/?page_id=625#breadcrumb"},"inLanguage":"fr-FR","potentialAction":[{"@type":"ReadAction","target":["https:\/\/multibroyagessolutions.fr\/?page_id=625"]}]},{"@type":"BreadcrumbList","@id":"https:\/\/multibroyagessolutions.fr\/?page_id=625#breadcrumb","itemListElement":[{"@type":"ListItem","position":1,"name":"Accueil","item":"https:\/\/multibroyagessolutions.fr\/"},{"@type":"ListItem","position":2,"name":"Nos services"}]},{"@type":"WebSite","@id":"https:\/\/multibroyagessolutions.fr\/#website","url":"https:\/\/multibroyagessolutions.fr\/","name":"multi broyages solutions","description":"","publisher":{"@id":"https:\/\/multibroyagessolutions.fr\/#organization"},"potentialAction":[{"@type":"SearchAction","target":{"@type":"EntryPoint","urlTemplate":"https:\/\/multibroyagessolutions.fr\/?s={search_term_string}"},"query-input":{"@type":"PropertyValueSpecification","valueRequired":true,"valueName":"search_term_string"}}],"inLanguage":"fr-FR"},{"@type":"Organization","@id":"https:\/\/multibroyagessolutions.fr\/#organization","name":"multi broyages solutions","url":"https:\/\/multibroyagessolutions.fr\/","logo":{"@type":"ImageObject","inLanguage":"fr-FR","@id":"https:\/\/multibroyagessolutions.fr\/#\/schema\/logo\/image\/","url":"https:\/\/multibroyagessolutions.fr\/wp-content\/uploads\/2025\/10\/WhatsApp-Image-2025-10-23-at-13.04.53.jpeg","contentUrl":"https:\/\/multibroyagessolutions.fr\/wp-content\/uploads\/2025\/10\/WhatsApp-Image-2025-10-23-at-13.04.53.jpeg","width":1000,"height":1000,"caption":"multi broyages solutions"},"image":{"@id":"https:\/\/multibroyagessolutions.fr\/#\/schema\/logo\/image\/"}}]}},"_links":{"self":[{"href":"https:\/\/multibroyagessolutions.fr\/index.php?rest_route=\/wp\/v2\/pages\/625","targetHints":{"allow":["GET"]}}],"collection":[{"href":"https:\/\/multibroyagessolutions.fr\/index.php?rest_route=\/wp\/v2\/pages"}],"about":[{"href":"https:\/\/multibroyagessolutions.fr\/index.php?rest_route=\/wp\/v2\/types\/page"}],"author":[{"embeddable":true,"href":"https:\/\/multibroyagessolutions.fr\/index.php?rest_route=\/wp\/v2\/users\/1"}],"replies":[{"embeddable":true,"href":"https:\/\/multibroyagessolutions.fr\/index.php?rest_route=%2Fwp%2Fv2%2Fcomments&post=625"}],"version-history":[{"count":58,"href":"https:\/\/multibroyagessolutions.fr\/index.php?rest_route=\/wp\/v2\/pages\/625\/revisions"}],"predecessor-version":[{"id":1322,"href":"https:\/\/multibroyagessolutions.fr\/index.php?rest_route=\/wp\/v2\/pages\/625\/revisions\/1322"}],"wp:attachment":[{"href":"https:\/\/multibroyagessolutions.fr\/index.php?rest_route=%2Fwp%2Fv2%2Fmedia&parent=625"}],"curies":[{"name":"wp","href":"https:\/\/api.w.org\/{rel}","templated":true}]}}